{"id":34,"date":"2020-11-25T15:03:23","date_gmt":"2020-11-25T14:03:23","guid":{"rendered":"http:\/\/pocsikorsolya.hu\/?page_id=34"},"modified":"2020-12-14T13:57:05","modified_gmt":"2020-12-14T12:57:05","slug":"publikaciok","status":"publish","type":"page","link":"http:\/\/pocsikorsolya.hu\/index.php\/publikaciok\/","title":{"rendered":"Publik\u00e1ci\u00f3k"},"content":{"rendered":"\n<div class=\"wp-block-group\"><div class=\"wp-block-group__inner-container\"><\/div><\/div>\n\n\n\n<figure class=\"wp-block-table aligncenter is-style-stripes\"><table class=\"has-fixed-layout\"><tbody><tr><td><strong>Nevel\u00e9studom\u00e1ny:<\/strong><\/td><\/tr><tr><td><\/td><\/tr><tr><td>P\u00f3csik, Orsolya: Pedag\u00f3gusdinaszti\u00e1k l\u00e9tjogosults\u00e1ga pedag\u00f3gus karrierp\u00e1ly\u00e1k t\u00fckr\u00e9ben Magyarorsz\u00e1gon<br>ISKOLAKULT\u00daRA: PEDAG\u00d3GUSOK SZAKMAI- TUDOM\u00c1NYOS FOLY\u00d3IRATA 25: (7-8) pp. 102.-112., 11 p. (2015)<br><a rel=\"noreferrer noopener\" href=\"https:\/\/www.researchgate.net\/publication\/316717357_Pedagogusdinasztiak_letjogosultsaga_pedagogus_karrierpalyak_tukreben_Magyarorszagon\" target=\"_blank\">https:\/\/www.researchgate.net\/publication\/316717357_Pedagogusdinasztiak_letjogosultsaga_pedagogus_karrierpalyak_tukreben_Magyarorszagon<\/a><br><\/td><\/tr><tr><td><\/td><\/tr><tr><td>P\u00f3csik, Orsolya: Tanul\u00e1si gener\u00e1ci\u00f3k kutat\u00e1sa, avagy hogyan tanulnak tizen\u00e9veseink Magyarorsz\u00e1gon<br>In: Zsolnai, Anik\u00f3, Kasik, L\u00e1szl\u00f3 (szerk.)&nbsp; A tanul\u00e1s \u00e9s nevel\u00e9s interdiszciplin\u00e1ris megk\u00f6zel\u00edt\u00e9se: XVI. Orsz\u00e1gos Nevel\u00e9studom\u00e1nyi Konferencia: Szeged, 2016. november 17-19: program \u00e9s absztaktk\u00f6tet<br>Szeged, Magyarorsz\u00e1g :&nbsp;MTA Pedag\u00f3giai Tudom\u00e1nyos Bizotts\u00e1g,&nbsp;SZTE BTK Nevel\u00e9studom\u00e1nyi Int\u00e9zet,&nbsp;(2016)&nbsp;pp. 147-147. , 1 p.,<br><a href=\"https:\/\/www.researchgate.net\/publication\/323390876_ONK_2016_program_es_absztraktkotet\" target=\"_blank\" rel=\"noreferrer noopener\">https:\/\/www.researchgate.net\/publication\/323390876_ONK_2016_program_es_absztraktkotet<\/a><br><br><\/td><\/tr><tr><td><\/td><\/tr><tr><td>P\u00f3csik, Orsolya, A tud\u00e1skoncepci\u00f3 v\u00e1ltoz\u00e1sa a hazai feln\u0151ttk\u00e9pz\u00e9sben<br>In: Juh\u00e1sz, Erika (szerk.) K\u00f6z\u00f6ss\u00e9gek a m\u0171vel\u0151d\u00e9s \u00e9s k\u00e9pz\u00e9s vil\u00e1g\u00e1ban : Tudom\u00e1nyos Konferencia \u00e9s Szakmai Tal\u00e1lkoz\u00f3 Durk\u00f3 M\u00e1ty\u00e1s eml\u00e9k\u00e9re : Absztrakt k\u00f6tet<br>Debrecen, Magyarorsz\u00e1g : Debreceni Egyetem, (2018) p. 83<br><a href=\"https:\/\/www.researchgate.net\/publication\/346970892_Kozossegek_a_muvelodes_es_kepzes_vilagaban_ABSZTRAKTKOTET_Tudomanyos_Konferencia_es_Szakmai_Talalkozo_Durko_Matyas_emlekere\" target=\"_blank\" rel=\"noopener noreferrer\">https:\/\/www.researchgate.net\/publication\/346970892_Kozossegek_a_muvelodes_es_kepzes_vilagaban_ABSZTRAKTKOTET_Tudomanyos_Konferencia_es_Szakmai_Talalkozo_Durko_Matyas_emlekere<\/a><br><\/td><\/tr><tr><td><\/td><\/tr><tr><td>P\u00f3csik, Orsolya<br>Digital education, learning forms and LLL process in teachers&#8217; education<br>In: Juh\u00e1sz, Erika (szerk.)&nbsp;K\u00f6z\u00f6ss\u00e9gek a m\u0171vel\u0151d\u00e9s \u00e9s k\u00e9pz\u00e9s vil\u00e1g\u00e1ban : Tudom\u00e1nyos Konferencia \u00e9s Szakmai Tal\u00e1lkoz\u00f3 Durk\u00f3 M\u00e1ty\u00e1s eml\u00e9k\u00e9re : Absztrakt k\u00f6tet<br>Debrecen, Magyarorsz\u00e1g :&nbsp;Debreceni Egyetem,&nbsp;(2018)&nbsp;p. 84,<br><a href=\"https:\/\/www.researchgate.net\/publication\/346970892_Kozossegek_a_muvelodes_es_kepzes_vilagaban_ABSZTRAKTKOTET_Tudomanyos_Konferencia_es_Szakmai_Talalkozo_Durko_Matyas_emlekere\" target=\"_blank\" rel=\"noopener noreferrer\">https:\/\/www.researchgate.net\/publication\/346970892_Kozossegek_a_muvelodes_es_kepzes_vilagaban_ABSZTRAKTKOTET_Tudomanyos_Konferencia_es_Szakmai_Talalkozo_Durko_Matyas_emlekere<\/a><br><\/td><\/tr><tr><td><\/td><\/tr><tr><td>P\u00f3csik, Orsolya<br>Turizmus andrag\u00f3giai kih\u00edv\u00e1sok Magyarorsz\u00e1g \u00e9s N\u00e9metorsz\u00e1g tekintet\u00e9ben<br>In: Juh\u00e1sz, Erika (szerk.)&nbsp;K\u00f6z\u00f6ss\u00e9gek a m\u0171vel\u0151d\u00e9s \u00e9s k\u00e9pz\u00e9s vil\u00e1g\u00e1ban : Tudom\u00e1nyos Konferencia \u00e9s Szakmai Tal\u00e1lkoz\u00f3 Durk\u00f3 M\u00e1ty\u00e1s eml\u00e9k\u00e9re : Absztrakt k\u00f6tet<br>Debrecen, Magyarorsz\u00e1g :&nbsp;Debreceni Egyetem,&nbsp;(2018)&nbsp;p. 85,<br><a href=\"https:\/\/www.researchgate.net\/publication\/346970892_Kozossegek_a_muvelodes_es_kepzes_vilagaban_ABSZTRAKTKOTET_Tudomanyos_Konferencia_es_Szakmai_Talalkozo_Durko_Matyas_emlekere\" target=\"_blank\" rel=\"noopener noreferrer\">https:\/\/www.researchgate.net\/publication\/346970892_Kozossegek_a_muvelodes_es_kepzes_vilagaban_ABSZTRAKTKOTET_Tudomanyos_Konferencia_es_Szakmai_Talalkozo_Durko_Matyas_emlekere<\/a><br><\/td><\/tr><tr><td><\/td><\/tr><tr><td>P\u00f3csik, Orsolya<br>A XIV. \u00e9vi Mellearn konferencia (Debrecen)- A feln\u0151ttoktat\u00e1si lifelong learning t\u00e1rsadalmi \u00e9s gazdas\u00e1gi hazai kutat\u00e1s- fejleszt\u00e9s-innov\u00e1ci\u00f3- Pedag\u00f3gusok vertik\u00e1lis \u00e9s horizont\u00e1lis Lifelong-learning strat\u00e9gi\u00e1ja<\/td><\/tr><tr><td><\/td><\/tr><tr><td>P\u00f3csik, Orsolya<br>A CSAL\u00c1DI KAPCSOLATOK SZOK\u00c1SRENDSZERE \u00c9S A NEMZED\u00c9KV\u00c1LT\u00c1SOK T\u00d6RT\u00c9NETI ALAKUL\u00c1SA A 20. SZ\u00c1ZADBAN (ELTE)- Gener\u00e1ci\u00f3k kutat\u00e1sa, miben rejlenek a gener\u00e1ci\u00f3k k\u00f6zti k\u00fcl\u00f6nbs\u00e9gek<br><a href=\"https:\/\/www.researchgate.net\/publication\/323390914_a_csaladi_kapcsolatok_konferencia_PO\" target=\"_blank\" rel=\"noreferrer noopener\">https:\/\/www.researchgate.net\/publication\/323390914_a_csaladi_kapcsolatok_konferencia_PO<\/a><br><br><\/td><\/tr><tr><td><\/td><\/tr><tr><td>P\u00f3csik, Orsolya<br>\u00d6rd\u00f6gfi\u00f3k\u00e1k \u00e9s IKT eszk\u00f6z\u00f6k<br>In: Belov\u00e1ri, Anita (szerk.)&nbsp;I. Nemzetk\u00f6zi Kisgyermeknevel\u00e9si Konferencia : Tanulm\u00e1nyk\u00f6tet<br>Kaposv\u00e1r, Magyarorsz\u00e1g :&nbsp;Kaposv\u00e1ri Egyetem Pedag\u00f3giai Kar,&nbsp;(2015)&nbsp;pp. 140-150. , 10 p.<br><a href=\"https:\/\/www.researchgate.net\/publication\/316717354_Ordogfiokak_es_IKT_eszkozok\" target=\"_blank\" rel=\"noreferrer noopener\">https:\/\/www.researchgate.net\/publication\/316717354_Ordogfiokak_es_IKT_eszkozok<\/a><br><br><\/td><\/tr><tr><td><\/td><\/tr><tr><td>P\u00f3csik, Orsolya<br>GYERMEKKULT\u00daRA KONFERENCIA \u00c9S KI\u00c1LL\u00cdT\u00c1S ELTE T\u00d3K- \u00c1ltal\u00e1nos- \u00e9s k\u00f6z\u00e9piskolai tanul\u00f3k oktat\u00e1si &#8211; nevel\u00e9si kult\u00far\u00e1j\u00e1nak fejleszt\u00e9se, 2014<br><\/td><\/tr><tr><td><\/td><\/tr><tr><td>P\u00f3csik, Orsolya<br>International Conference of TEACHER EDUCATION IN CENTRAL AND EASTERN EUROPE 14 June 2013 Thomas Mann str. 49., Debrecen, Hungary Centre of the Hungarian Academy of Sciences (\u201eDAB Sz\u00e9kh\u00e1z\u201d) Pusztai, G. \u2013 Hatos, A. \u2013 Cegledi, T. (eds.) 2012. Third Mission of Higher Education. Reviewer: Orsolya Pocsik (University of Debrecen)<br>Debrecen, Magyarorsz\u00e1g :&nbsp;(2013)<br><a href=\"https:\/\/www.researchgate.net\/publication\/316717415_Gabriella_Pusztai-_Adrian_Hatos-_Timea_Cegledi_Eds_Third_Mission_of_Higher_Education_in_a_Cross-Border_Region_Center_of_Higher_Education_Research_and_Development_CHERD-Hungary_Debrecen_Hungary_2012_Re\" target=\"_blank\" rel=\"noreferrer noopener\">https:\/\/www.researchgate.net\/publication\/316717415_Gabriella_Pusztai-_Adrian_Hatos-_Timea_Cegledi_Eds_Third_Mission_of_Higher_Education_in_a_Cross-Border_Region_Center_of_Higher_Education_Research_and_Development_CHERD-Hungary_Debrecen_Hungary_2012_Re<\/a><br><br><\/td><\/tr><tr><td><\/td><\/tr><tr><td>P\u00f3csik Orsolya<br>Effectiveness of Academic Tutoring<br>In: Lech Koscielak (szerk.)<br>The Role of Tutoring in Education and Working with Adults<br>Warsaw: Fass Publishing, pp 159-178 (2018)<br>Nyelv: Angol | Befoglal\u00f3 link(ek): ISBN: 9788393528516<br><a href=\"https:\/\/www.researchgate.net\/publication\/346591279_In_The_role_of_tutoring_in_education_and_working_with_adults-_Effectiveness_Of_Academic_Tutoring\" target=\"_blank\" rel=\"noreferrer noopener\">https:\/\/www.researchgate.net\/publication\/346591279_In_The_role_of_tutoring_in_education_and_working_with_adults-_Effectiveness_Of_Academic_Tutoring<\/a><\/td><\/tr><tr><td><\/td><\/tr><tr><td><strong>Gener\u00e1ci\u00f3kutat\u00e1s:<\/strong><\/td><\/tr><tr><td><\/td><\/tr><tr><td>P\u00f3csik, Orsolya<br>Facebook gener\u00e1ci\u00f3 kommunik\u00e1ci\u00f3s strat\u00e9gi\u00e1ja \u00e9s self-management-je<br>In: Hauck, Zsuzsanna; Pesti, Istv\u00e1n; Poreisz, Veronika; Ratting, Anita; T\u00f3bi, Istv\u00e1n (szerk.)&nbsp;K\u00f6zgazd\u00e1sz Kutat\u00f3k \u00e9s Doktoranduszok II. T\u00e9li Konferenci\u00e1ja : Program \u00e9s el\u0151ad\u00e1s-kivonatok<br>P\u00e9cs, Magyarorsz\u00e1g :&nbsp;Doktoranduszok Orsz\u00e1gos Sz\u00f6vets\u00e9ge, K\u00f6zgazdas\u00e1gtudom\u00e1nyi Oszt\u00e1ly,&nbsp;(2015)&nbsp;pp. 82-83. , 2 p.<br><a href=\"https:\/\/www.researchgate.net\/publication\/323390262_Kozgazdasz_Kutatok_es_Doktoranduszok_II_Teli_Konferenciaja_Program_es_eloadas-_kivonatok\" target=\"_blank\" rel=\"noreferrer noopener\">https:\/\/www.researchgate.net\/publication\/323390262_Kozgazdasz_Kutatok_es_Doktoranduszok_II_Teli_Konferenciaja_Program_es_eloadas-_kivonatok<\/a><br><br><\/td><\/tr><tr><td><\/td><\/tr><tr><td>P\u00f3csik, Orsolya<br>A Facebook gener\u00e1ci\u00f3 self-managementje \u00e9s \u00f6n\u00e9rv\u00e9nyes\u00edt\u00e9si strat\u00e9gi\u00e1ja<br>In: Hauck, Zs; Keresztes, \u00c9R; Poreisz, V; T\u00f3bi, I (szerk.)&nbsp;K\u00f6zgazd\u00e1sz Kutat\u00f3k \u00e9s Doktoranduszok II. T\u00e9li Konferenci\u00e1ja<br>Gy\u0151r, Magyarorsz\u00e1g :&nbsp;Doktoranduszok Orsz\u00e1gos Sz\u00f6vets\u00e9ge, K\u00f6zgazdas\u00e1gtudom\u00e1nyi Oszt\u00e1ly,&nbsp;(2015)&nbsp;pp. 48-59. , 12 p.<br><a href=\"https:\/\/www.researchgate.net\/publication\/316717441_A_Facebook_generacio_self-menedzsmentje_es_onervenyesitesi_startegiai\" target=\"_blank\" rel=\"noreferrer noopener\">https:\/\/www.researchgate.net\/publication\/316717441_A_Facebook_generacio_self-menedzsmentje_es_onervenyesitesi_startegiai<\/a><br><br><\/td><\/tr><tr><td><\/td><\/tr><tr><td>P\u00f3csik, Orsolya<br>K\u00f6z\u00f6ss\u00e9gi m\u0171vel\u0151d\u00e9s- k\u00f6z\u00f6ss\u00e9gi tanul\u00e1s: Gener\u00e1ci\u00f3kutat\u00e1s- Tanul\u00e1si gener\u00e1ci\u00f3k jellemz\u0151i<br>In: Juh\u00e1sz, Erika (szerk.)&nbsp;K\u00f6z\u00f6ss\u00e9gi m\u0171vel\u0151d\u00e9s &#8211; k\u00f6z\u00f6ss\u00e9gi tanul\u00e1s<br>Debrecen, Magyarorsz\u00e1g :&nbsp;Kult\u00far\u00c1sz K\u00f6zhaszn\u00fa Egyes\u00fclet,&nbsp;Debreceni Egyetem BTK Nevel\u00e9studom\u00e1nyok Int\u00e9zete,&nbsp;(2014)&nbsp;pp. 278-295. , 17 p.<br><a href=\"https:\/\/www.researchgate.net\/publication\/316717340_Generaciokutatas-_Tanulasi_generaciok_jellemzoi\" target=\"_blank\" rel=\"noreferrer noopener\">https:\/\/www.researchgate.net\/publication\/316717340_Generaciokutatas-_Tanulasi_generaciok_jellemzoi<\/a><br><br><\/td><\/tr><tr><td><\/td><\/tr><tr><td><strong>K\u00f6zgazdas\u00e1gtudom\u00e1ny:<\/strong><\/td><\/tr><tr><td><\/td><\/tr><tr><td>P\u00f3csik, Orsolya&nbsp;;&nbsp;Neszm\u00e9lyi, Gy\u00f6rgy Iv\u00e1n<br>A magyar agr\u00e1rgazdas\u00e1g \u00e9s agr\u00e1rk\u00fclkereskedelem kih\u00edv\u00e1sai<br>In: Egri, Zolt\u00e1n; Paraszt, M\u00e1rta (szerk.)&nbsp;Magasabb (helyi) hozz\u00e1adott \u00e9rt\u00e9k, mint a vid\u00e9k kit\u00f6r\u00e9si lehet\u0151s\u00e9ge \u2013 II. Nemzetk\u00f6zi Vid\u00e9kfejleszt\u00e9si Tudom\u00e1nyos Konferencia : Lektor\u00e1lt tudom\u00e1nyos kiadv\u00e1ny<br>Szarvas, Magyarorsz\u00e1g :&nbsp;Szent Istv\u00e1n Egyetem Agr\u00e1r- \u00e9s Gazdas\u00e1gtudom\u00e1nyi Kar,&nbsp;(2018)&nbsp;pp. 139-152. , 14 p.<br><a href=\"https:\/\/www.researchgate.net\/publication\/330321223_A_magyar_agrargazdasag_es_agrarkulkereskedelem_kihivasai\" target=\"_blank\" rel=\"noreferrer noopener\">https:\/\/www.researchgate.net\/publication\/330321223_A_magyar_agrargazdasag_es_agrarkulkereskedelem_kihivasai<\/a><br><br><\/td><\/tr><tr><td><\/td><\/tr><tr><td>P\u00f3csik, Orsolya<br>Regional higher education didactic pradigms: anglo-saxon tutoring versus frontal method in hungarian higher education<br>In: Neszm\u00e9lyi, Gy\u00f6rgy Iv\u00e1n (szerk.)&nbsp;Regional integration and spatial processes in the world<br>G\u00f6d\u00f6ll\u0151, Magyarorsz\u00e1g :&nbsp;Szent Istv\u00e1n Egyetemi Kiad\u00f3,&nbsp;(2018)&nbsp;pp. 113-124. , 12 p.<br><a href=\"https:\/\/www.researchgate.net\/publication\/332946348_Regional_Higher_Education_Didactic_Paradigms_Anglo_Saxon_Tutoring_Versus_Frontal_method_in_Hungarian_Higher_Education\" target=\"_blank\" rel=\"noreferrer noopener\">https:\/\/www.researchgate.net\/publication\/332946348_Regional_Higher_Education_Didactic_Paradigms_Anglo_Saxon_Tutoring_Versus_Frontal_method_in_Hungarian_Higher_Education<\/a><br><br><\/td><\/tr><tr><td><\/td><\/tr><tr><td>Neszm\u00e9lyi, Gy\u00f6rgy Iv\u00e1n&nbsp;;&nbsp;P\u00f3csik, Orsolya<br>A magyar k\u00fclkereskedelem saj\u00e1tos von\u00e1sai \u00e9s tendenci\u00e1i az ut\u00f3bbi \u00e9vtizedek sor\u00e1n<br>In: Egri, Zolt\u00e1n; Paraszt, M\u00e1rta (szerk.)&nbsp;Magasabb (helyi) hozz\u00e1adott \u00e9rt\u00e9k, mint a vid\u00e9k kit\u00f6r\u00e9si lehet\u0151s\u00e9ge \u2013 II. Nemzetk\u00f6zi Vid\u00e9kfejleszt\u00e9si Tudom\u00e1nyos Konferencia : Lektor\u00e1lt tudom\u00e1nyos kiadv\u00e1ny<br>Szarvas, Magyarorsz\u00e1g :&nbsp;Szent Istv\u00e1n Egyetem Agr\u00e1r- \u00e9s Gazdas\u00e1gtudom\u00e1nyi Kar,&nbsp;(2018)&nbsp;pp. 223-235. , 13 p.<br><a href=\"https:\/\/www.researchgate.net\/publication\/340249862_A_magyar_kulkereskedelem_sajatos_vonasai_es_tendenciai_az_utobbi_evtizedek_soran\" target=\"_blank\" rel=\"noreferrer noopener\">https:\/\/www.researchgate.net\/publication\/340249862_A_magyar_kulkereskedelem_sajatos_vonasai_es_tendenciai_az_utobbi_evtizedek_soran<\/a><br><br><\/td><\/tr><tr><td><\/td><\/tr><tr><td>P\u00f3csik, Orsolya<br>A magyar import alakul\u00e1sa az ut\u00f3bbi \u00e9vtized sor\u00e1n<br>STUDIA MUNDI &#8211; ECONOMICA&nbsp;6&nbsp;:&nbsp;2&nbsp;pp. 81-89. , 9 p.&nbsp;(2019)<br><a href=\"https:\/\/www.researchgate.net\/publication\/334364085_A_magyar_import_alakulasa_az_utobbi_evtized_soran\" target=\"_blank\" rel=\"noreferrer noopener\">https:\/\/www.researchgate.net\/publication\/334364085_A_magyar_import_alakulasa_az_utobbi_evtized_soran<\/a><br><br><\/td><\/tr><tr><td><\/td><\/tr><tr><td>P\u00f3csik, Orsolya<br>A v\u00e1llalati t\u0151ke\u00e1llom\u00e1ny \u00e9s t\u0151kemozg\u00e1s metodik\u00e1ja, avagy honnan hov\u00e1 v\u00e1ndorol a p\u00e9nz a v\u00e1llalkoz\u00e1sokon bel\u00fcl?<br>In: Horv\u00e1th, B\u00e1lint; K\u00e1polnai, Zsombor; F\u00f6ldi, P\u00e9ter (szerk.)&nbsp;K\u00f6zgazd\u00e1sz Doktoranduszok \u00e9s Kutat\u00f3k V. Nemzetk\u00f6zi T\u00e9li Konferenci\u00e1ja : Konferenciak\u00f6tet<br>G\u00f6d\u00f6ll\u0151, Magyarorsz\u00e1g :&nbsp;Doktoranduszok Orsz\u00e1gos Sz\u00f6vets\u00e9ge (DOSZ),&nbsp;(2019)&nbsp;pp. 492-499. Paper: ISBN 978-963-269-843-4 , 8 p.<br><a href=\"https:\/\/www.researchgate.net\/publication\/334364247_A_vallalati_tokeallomany_es_tokemozgas_metodikaja_avagy_honnan_hova_vandorol_a_penz_a_vallalkozasokon_belul\" target=\"_blank\" rel=\"noreferrer noopener\">https:\/\/www.researchgate.net\/publication\/334364247_A_vallalati_tokeallomany_es_tokemozgas_metodikaja_avagy_honnan_hova_vandorol_a_penz_a_vallalkozasokon_belul<\/a><br><br><\/td><\/tr><tr><td><\/td><\/tr><tr><td>P\u00f3csik, Orsolya<br>The methodology of corporate capital stock and capital movements, or where does money migrate within businesses?<br>In: B\u00e1lint, Horv\u00e1th; Andr\u00e1s, Borb\u00e9ly; Eszter, Fodor-Borsos; P\u00e9ter, F\u00f6ldi; Amelita, Kata G\u00f3dor; Zsombor, K\u00e1polnai (szerk.)&nbsp;V. Winter Conference Of Economics PhD Students And Researchers : Book of Abstracts<br>G\u00f6d\u00f6ll\u0151, Magyarorsz\u00e1g :&nbsp;Doktoranduszok Orsz\u00e1gos Sz\u00f6vets\u00e9ge (DOSZ),&nbsp;(2019)&nbsp;pp. 105-105. , 1 p.<br><a href=\"https:\/\/www.researchgate.net\/publication\/334365027_DOSZ_V_Winter_2019_Book-of-Abstracts_Orsolya_Pocsik\" target=\"_blank\" rel=\"noreferrer noopener\">https:\/\/www.researchgate.net\/publication\/334365027_DOSZ_V_Winter_2019_Book-of-Abstracts_Orsolya_Pocsik<\/a><br><br><\/td><\/tr><tr><td><\/td><\/tr><tr><td>P\u00f3csik, Orsolya<br>Usefulness of the Anglo-Saxon Tutoring System in Hungarian Higher Education<br>SELYE E-STUDIES&nbsp;Selye E- Studies Univerzita J. Selyeho Online recenzovan\u00fd vedeck\u00fd \u010dasopis&nbsp;:&nbsp;Ro\u010dn\u00edk: 10\/2019 1. \u010d\u00edslo&nbsp;pp. 26-38. Paper: ISSN 1338-1598 , 13 p.&nbsp;(2019)<br><a href=\"https:\/\/www.researchgate.net\/publication\/346971097_SELYE_E-STUDIES_SELYE_E-STUDIES_Selye_e-studies\" target=\"_blank\" rel=\"noreferrer noopener\">https:\/\/www.researchgate.net\/publication\/346971097_SELYE_E-STUDIES_SELYE_E-STUDIES_Selye_e-studies<\/a><br><br><\/td><\/tr><tr><td><\/td><\/tr><tr><td>P\u00f3csik, Orsolya<br>T\u0151kebefektet\u00e9sek region\u00e1lis, t\u00f6rt\u00e9neti \u00f6sszef\u00fcgg\u00e9sei, k\u00fcl\u00f6n\u00f6s tekintettel Debrecen v\u00e1ros\u00e1ra \u00e9s a BMW befektet\u00e9s\u00e9re<br>STUDIA MUNDI &#8211; ECONOMICA&nbsp;6&nbsp;:&nbsp;4&nbsp;pp. 38-52. , 15 p.&nbsp;(2019)<br><a href=\"https:\/\/www.researchgate.net\/publication\/339124128_TOKEBEFEKTETESEK_REGIONALIS_TORTENETI_OSSZEFUGGESEI_KULONOS_TEKINTETTEL_DEBRECEN_VAROSARA_ES_A_BMW_BEFEKTETESERE_THE_CAPITAL_INVESTMENT_REGIONAL_HISTORICAL_RELATIONSHIP_WITH_SPECIAL_REGARD_TO_DEBRECEN\" target=\"_blank\" rel=\"noreferrer noopener\">https:\/\/www.researchgate.net\/publication\/339124128_TOKEBEFEKTETESEK_REGIONALIS_TORTENETI_OSSZEFUGGESEI_KULONOS_TEKINTETTEL_DEBRECEN_VAROSARA_ES_A_BMW_BEFEKTETESERE_THE_CAPITAL_INVESTMENT_REGIONAL_HISTORICAL_RELATIONSHIP_WITH_SPECIAL_REGARD_TO_DEBRECEN<\/a><br><br><\/td><\/tr><tr><td><\/td><\/tr><tr><td>P\u00f3csik, Orsolya<br>Foreign Direct Investments (FDI) in V4 countries<br>In: Zolt\u00e1n, Egri; Krajcsovicz Magdolna, Moln\u00e1rn\u00e9; M\u00e1rta, Paraszt (szerk.)&nbsp;Digitization in Rural Spaces \u2013 Challenge and\/or Opportunity? 3rd International Scientific Conference on Rural Development Conference Proceedings<br>Szarvas, Magyarorsz\u00e1g :&nbsp;Szent Istv\u00e1n Egyetem Agr\u00e1r- \u00e9s Gazdas\u00e1gtudom\u00e1nyi Kar,&nbsp;(2019)&nbsp;pp. 117-127. Paper: 978-963-269-884-7 , 11 p.<br><a href=\"https:\/\/www.researchgate.net\/publication\/341042669_Foreign_Direct_Investment_FDI_in_V4_countries_in_DIGITIZATION_IN_RURAL_SPACES_-_CHALLENGE_ANDOR_OPPORTUNITY_3RD_INTERNATIONAL_SCIENTIFIC_CONFERENCE_ON_RURAL_DEVELOPMENT_Conference_Proceedings_SZIE-AGK\" target=\"_blank\" rel=\"noreferrer noopener\">https:\/\/www.researchgate.net\/publication\/341042669_Foreign_Direct_Investment_FDI_in_V4_countries_in_DIGITIZATION_IN_RURAL_SPACES_-_CHALLENGE_ANDOR_OPPORTUNITY_3RD_INTERNATIONAL_SCIENTIFIC_CONFERENCE_ON_RURAL_DEVELOPMENT_Conference_Proceedings_SZIE-AGK<\/a><br><br><\/td><\/tr><tr><td><\/td><\/tr><tr><td>P\u00f3csik, Orsolya<br>Advantages and disadvantages of the introduction of the euro in Hungary<br>In: Horv\u00e1th, B\u00e1lint; F\u00f6ldi, P\u00e9ter; K\u00e1polnai, Zsombor (szerk.)&nbsp;VI. Winter Conference of Economics PhD Students and Researchers : Book of Abstracts<br>G\u00f6d\u00f6ll\u0151, Magyarorsz\u00e1g :&nbsp;Szent Istv\u00e1n University,&nbsp;Doktoranduszok Orsz\u00e1gos Sz\u00f6vets\u00e9ge, K\u00f6zgazdas\u00e1gtudom\u00e1nyi Oszt\u00e1ly,&nbsp;(2020)&nbsp;p. 101<br><a href=\"https:\/\/www.researchgate.net\/publication\/340263910_VI_Winter_Conference_of_Economics_PhD_Students_and_Researchers_Book_of_Abstracts\" target=\"_blank\" rel=\"noreferrer noopener\">https:\/\/www.researchgate.net\/publication\/340263910_VI_Winter_Conference_of_Economics_PhD_Students_and_Researchers_Book_of_Abstracts<\/a><br><br><\/td><\/tr><tr><td><\/td><\/tr><tr><td>P\u00f3csik, Orsolya&nbsp;;&nbsp;Gy\u00f6rgy, Iv\u00e1n Neszm\u00e9lyi<br>FOREIGN DIRECT INVESTMENTS (fDI) INTO V4 COUNTRIES<br>In: Ormos, Mih\u00e1ly; Antal\u00edk, Imrich (szerk.)&nbsp;T\u0151kepiaci befektet\u00e9sek a V4 orsz\u00e1gokban<br>Kom\u00e1rom, Szlov\u00e1kia :&nbsp;Selye J\u00e1nos Egyetem,&nbsp;(2020)&nbsp;pp. 83-96. , 14 p. ISBN:&nbsp;9788081223440<br><a href=\"https:\/\/www.researchgate.net\/publication\/346971265_TOKEPIACI_BEFEKTETESEK_A_V4_ORSZAGOKBAN\" target=\"_blank\" rel=\"noreferrer noopener\">https:\/\/www.researchgate.net\/publication\/346971265_TOKEPIACI_BEFEKTETESEK_A_V4_ORSZAGOKBAN<\/a><br><br><\/td><\/tr><tr><td><\/td><\/tr><tr><td>P\u00f3csik, Orsolya<br>Az eur\u00f3 elm\u00falt 20 \u00e9ve, avagy a magyar kitart\u00e1snak egy\u00e1ltal\u00e1n nincs alternat\u00edv\u00e1ja<br>In: Barna, Bogl\u00e1rka Johanna; Kov\u00e1cs, Petra; Moln\u00e1r, D\u00f3ra; Pat\u00f3, Vikt\u00f3ria Lilla (szerk.)&nbsp;XXIII. Tavaszi Sz\u00e9l Konferencia Absztrakt K\u00f6tet : &#8220;Mi \u00e9s a tudom\u00e1ny j\u00f6v\u0151je&#8221;<br>Budapest, Magyarorsz\u00e1g :&nbsp;Doktoranduszok Orsz\u00e1gos Sz\u00f6vets\u00e9ge (DOSZ),&nbsp;(2020)&nbsp;pp. 313-313. Paper: 978-615-5586-70-5 , 1 p.<br><a href=\"https:\/\/www.researchgate.net\/publication\/345769262_Tavaszi_szel_2020_absztrakt_kotet\" target=\"_blank\" rel=\"noreferrer noopener\">https:\/\/www.researchgate.net\/publication\/345769262_Tavaszi_szel_2020_absztrakt_kotet<\/a><br><br><\/td><\/tr><tr><td><\/td><\/tr><tr><td>P\u00f3csik, Orsolya<br>Az eur\u00f3 bevezet\u00e9s\u00e9nek lehets\u00e9ges magyarorsz\u00e1gi forgat\u00f3k\u00f6nyvei \u00e9s az eur\u00f3 bevezet\u00e9s felt\u00e9telei makrogazdas\u00e1gi adatok t\u00fckr\u00e9ben.<br>CONTROLLER INFO&nbsp;8&nbsp;:&nbsp;8&nbsp;pp. 39-42. , 4 p.&nbsp;(2020)<br><a href=\"https:\/\/www.researchgate.net\/publication\/346035863_Az_euro_bevezetesenek_lehetseges_magyarorszagi_forgatokonyvei_es_az_euro_bevezetes_feltetelei_makrogazdasagi_adatok_tukreben\" target=\"_blank\" rel=\"noreferrer noopener\">https:\/\/www.researchgate.net\/publication\/346035863_Az_euro_bevezetesenek_lehetseges_magyarorszagi_forgatokonyvei_es_az_euro_bevezetes_feltetelei_makrogazdasagi_adatok_tukreben<\/a><br><br><\/td><\/tr><tr><td><\/td><\/tr><tr><td>Bod, P\u00e9ter \u00c1kos&nbsp;;&nbsp;P\u00f3csik, Orsolya&nbsp;;&nbsp;Neszm\u00e9lyi, Gy\u00f6rgy Iv\u00e1n<br>Az eur\u00f3 \u00e9s a szlov\u00e1k gazdas\u00e1g<br>K\u00d6ZGAZDAS\u00c1GI SZEMLE&nbsp;67&nbsp;:&nbsp;4&nbsp;pp. 321-351. , 31 p.&nbsp;(2020)<br>DOI&nbsp;&nbsp;REAL&nbsp;CorvinusKutatasok,<br><a href=\"https:\/\/www.researchgate.net\/publication\/340630604_Az_euro_es_a_szlovak_gazdasag\" target=\"_blank\" rel=\"noreferrer noopener\">https:\/\/www.researchgate.net\/publication\/340630604_Az_euro_es_a_szlovak_gazdasag<\/a><br><br><\/td><\/tr><\/tbody><\/table><\/figure>\n\n\n\n<p><\/p>\n","protected":false},"excerpt":{"rendered":"<p>Nevel\u00e9studom\u00e1ny: P\u00f3csik, Orsolya: Pedag\u00f3gusdinaszti\u00e1k l\u00e9tjogosults\u00e1ga pedag\u00f3gus karrierp\u00e1ly\u00e1k t\u00fckr\u00e9ben Magyarorsz\u00e1gonISKOLAKULT\u00daRA: PEDAG\u00d3GUSOK SZAKMAI- TUDOM\u00c1NYOS FOLY\u00d3IRATA 25: (7-8) pp. 102.-112., 11 p. (2015)https:\/\/www.researchgate.net\/publication\/316717357_Pedagogusdinasztiak_letjogosultsaga_pedagogus_karrierpalyak_tukreben_Magyarorszagon P\u00f3csik, Orsolya: Tanul\u00e1si gener\u00e1ci\u00f3k kutat\u00e1sa, avagy hogyan tanulnak tizen\u00e9veseink Magyarorsz\u00e1gonIn: Zsolnai, Anik\u00f3, Kasik, L\u00e1szl\u00f3 (szerk.)&nbsp; A tanul\u00e1s \u00e9s nevel\u00e9s interdiszciplin\u00e1ris megk\u00f6zel\u00edt\u00e9se: XVI. Orsz\u00e1gos Nevel\u00e9studom\u00e1nyi Konferencia: Szeged, 2016. november 17-19: program \u00e9s absztaktk\u00f6tetSzeged, Magyarorsz\u00e1g :&nbsp;MTA Pedag\u00f3giai&#8230;<\/p>\n","protected":false},"author":1,"featured_media":0,"parent":0,"menu_order":0,"comment_status":"closed","ping_status":"closed","template":"","meta":[],"_links":{"self":[{"href":"http:\/\/pocsikorsolya.hu\/index.php\/wp-json\/wp\/v2\/pages\/34"}],"collection":[{"href":"http:\/\/pocsikorsolya.hu\/index.php\/wp-json\/wp\/v2\/pages"}],"about":[{"href":"http:\/\/pocsikorsolya.hu\/index.php\/wp-json\/wp\/v2\/types\/page"}],"author":[{"embeddable":true,"href":"http:\/\/pocsikorsolya.hu\/index.php\/wp-json\/wp\/v2\/users\/1"}],"replies":[{"embeddable":true,"href":"http:\/\/pocsikorsolya.hu\/index.php\/wp-json\/wp\/v2\/comments?post=34"}],"version-history":[{"count":36,"href":"http:\/\/pocsikorsolya.hu\/index.php\/wp-json\/wp\/v2\/pages\/34\/revisions"}],"predecessor-version":[{"id":93,"href":"http:\/\/pocsikorsolya.hu\/index.php\/wp-json\/wp\/v2\/pages\/34\/revisions\/93"}],"wp:attachment":[{"href":"http:\/\/pocsikorsolya.hu\/index.php\/wp-json\/wp\/v2\/media?parent=34"}],"curies":[{"name":"wp","href":"https:\/\/api.w.org\/{rel}","templated":true}]}}